{"id":11788,"date":"2018-12-03T00:00:20","date_gmt":"2018-12-02T23:00:20","guid":{"rendered":"http:\/\/caissa-eenhoorn.nl\/wordpress\/?page_id=11788"},"modified":"2024-10-05T14:04:50","modified_gmt":"2024-10-05T12:04:50","slug":"uitslagen-standen","status":"publish","type":"page","link":"https:\/\/caissa-eenhoorn.nl\/wordpress\/?page_id=11788","title":{"rendered":"Uitslagen\/standen CE teams"},"content":{"rendered":"<p>KNSB teams 2024-2025<\/p>\n<ul>\n<li><a href=\"https:\/\/knsb.netstand.nl\/divisions\/view\/500\">Ca\u00efssa-Eenhoorn 1 (1A)<\/a><\/li>\n<li><a href=\"https:\/\/knsb.netstand.nl\/divisions\/view\/503\">Ca\u00efssa-Eenhoorn 2 (2B)<\/a><\/li>\n<li><a href=\"https:\/\/knsb.netstand.nl\/divisions\/view\/527\">Ca\u00efssa-Eenhoorn 3 (5G)<\/a><\/li>\n<li><a href=\"https:\/\/knsb.netstand.nl\/divisions\/view\/551\">KNSB Beker (Poule C)<\/a><\/li>\n<\/ul>\n<p>NHSB teams 2024-2025<\/p>\n<ul>\n<li><a href=\"https:\/\/www.nhsb.nl\/competitie\/groep\/651\">Ca\u00efssa-Eenhoorn N1 (Top)<\/a><\/li>\n<li><a href=\"https:\/\/www.nhsb.nl\/competitie\/groep\/653\">Ca\u00efssa-Eenhoorn N2 (2B)<\/a><\/li>\n<li><a href=\"https:\/\/www.nhsb.nl\/competitie\/groep\/657\">Ca\u00efssa-Eenhoorn N3 (3B)<\/a><\/li>\n<li><a href=\"https:\/\/www.nhsb.nl\/competitie\/groep\/657\">Ca\u00efssa-Eenhoorn N4 (3B)<\/a><\/li>\n<\/ul>\n<p>&nbsp;<\/p>\n<p>&nbsp;<\/p>\n","protected":false},"excerpt":{"rendered":"<p>KNSB teams 2024-2025 Ca\u00efssa-Eenhoorn 1 (1A) Ca\u00efssa-Eenhoorn 2 (2B) Ca\u00efssa-Eenhoorn 3 (5G) KNSB Beker (Poule C) NHSB teams 2024-2025 Ca\u00efssa-Eenhoorn N1 (Top) Ca\u00efssa-Eenhoorn N2 (2B) Ca\u00efssa-Eenhoorn N3 (3B) Ca\u00efssa-Eenhoorn N4 (3B) &nbsp; &nbsp;<\/p>\n","protected":false},"author":1,"featured_media":0,"parent":0,"menu_order":0,"comment_status":"closed","ping_status":"closed","template":"","meta":{"_mc_calendar":[],"footnotes":""},"class_list":["post-11788","page","type-page","status-publish","hentry"],"_links":{"self":[{"href":"https:\/\/caissa-eenhoorn.nl\/wordpress\/index.php?rest_route=\/wp\/v2\/pages\/11788","targetHints":{"allow":["GET"]}}],"collection":[{"href":"https:\/\/caissa-eenhoorn.nl\/wordpress\/index.php?rest_route=\/wp\/v2\/pages"}],"about":[{"href":"https:\/\/caissa-eenhoorn.nl\/wordpress\/index.php?rest_route=\/wp\/v2\/types\/page"}],"author":[{"embeddable":true,"href":"https:\/\/caissa-eenhoorn.nl\/wordpress\/index.php?rest_route=\/wp\/v2\/users\/1"}],"replies":[{"embeddable":true,"href":"https:\/\/caissa-eenhoorn.nl\/wordpress\/index.php?rest_route=%2Fwp%2Fv2%2Fcomments&post=11788"}],"version-history":[{"count":4,"href":"https:\/\/caissa-eenhoorn.nl\/wordpress\/index.php?rest_route=\/wp\/v2\/pages\/11788\/revisions"}],"predecessor-version":[{"id":21798,"href":"https:\/\/caissa-eenhoorn.nl\/wordpress\/index.php?rest_route=\/wp\/v2\/pages\/11788\/revisions\/21798"}],"wp:attachment":[{"href":"https:\/\/caissa-eenhoorn.nl\/wordpress\/index.php?rest_route=%2Fwp%2Fv2%2Fmedia&parent=11788"}],"curies":[{"name":"wp","href":"https:\/\/api.w.org\/{rel}","templated":true}]}}