{"id":4491,"date":"2014-12-09T23:04:00","date_gmt":"2014-12-09T22:04:00","guid":{"rendered":"http:\/\/caissa-eenhoorn.nl\/wordpress\/?page_id=4491"},"modified":"2022-01-31T20:24:16","modified_gmt":"2022-01-31T19:24:16","slug":"wie-zijn-wij","status":"publish","type":"page","link":"https:\/\/caissa-eenhoorn.nl\/wordpress\/?page_id=4491","title":{"rendered":"Wie zijn wij"},"content":{"rendered":"<p><strong>Historie<\/strong><\/p>\n<p>Ca\u00efssa-Eenhoorn is \u00e9\u00e9n van de grootste schaakverenigingen van Nederland en is volop in beweging. De club werd op 15 januari 1923 opgericht en heeft een rijke historie met vele kampioenschappen. Onze club heeft een brede basis waardoor ook beginnende schakers goed mee kunnen komen. Door goede training hebben wij vele sterke schakers voortgebracht, waaronder Grootmeester Dimitri Reinderman, die in 2013 Nederlands kampioen werd. Ons schaakseizoen loopt van september tot begin juni en bevat in die periode tal van schaakactiviteiten.<\/p>\n<p><strong>Interne Competities<\/strong><\/p>\n<p><a href=\"\/wordpress\/wp-content\/uploads\/2014\/12\/DSC_0129.jpg\"><img loading=\"lazy\" decoding=\"async\" class=\"alignright wp-image-4508\" src=\"\/wordpress\/wp-content\/uploads\/2014\/12\/DSC_0129.jpg\" alt=\"DSC_0129\" width=\"300\" height=\"218\" srcset=\"https:\/\/caissa-eenhoorn.nl\/wordpress\/wp-content\/uploads\/2014\/12\/DSC_0129.jpg 800w, https:\/\/caissa-eenhoorn.nl\/wordpress\/wp-content\/uploads\/2014\/12\/DSC_0129-300x217.jpg 300w, https:\/\/caissa-eenhoorn.nl\/wordpress\/wp-content\/uploads\/2014\/12\/DSC_0129-413x300.jpg 413w\" sizes=\"auto, (max-width: 300px) 100vw, 300px\" \/><\/a>De interne competitie wordt gespeeld op de dinsdagavond en begint om 20 uur. Je speelt \u00e9\u00e9n partij per avond (1:40 uur voor de hele partij met per zet 10 seconden bonus erbij (increment)). Onderdeel van de interne is de bekercompetitie die gespeeld wordt in vijf ronden. Tussendoor spelen wij op \u00e9\u00e9n avond voor het snelschaakkampioenschap (vijf minuten per persoon) en op vier avonden voor het rapidkampioenschap (vijftien minuten per persoon). Eind augustus organiseren\u00a0 wij het Oscar Romero Open Hoorns kampioenschap (tevens individueel kampioenschap NHSB): zes rondes\u00a0 op vrijdag, zaterdag en zondag in de Oscar Romero school<\/p>\n<p><strong>MFA de Kreek<\/strong><\/p>\n<p><a href=\"\/wordpress\/wp-content\/uploads\/2014\/12\/DSC_0150.jpg\"><img loading=\"lazy\" decoding=\"async\" class=\"alignleft wp-image-4510\" src=\"\/wordpress\/wp-content\/uploads\/2014\/12\/DSC_0150-300x199.jpg\" alt=\"DSC_0150\" width=\"300\" height=\"199\" srcset=\"https:\/\/caissa-eenhoorn.nl\/wordpress\/wp-content\/uploads\/2014\/12\/DSC_0150-300x199.jpg 300w, https:\/\/caissa-eenhoorn.nl\/wordpress\/wp-content\/uploads\/2014\/12\/DSC_0150-451x300.jpg 451w, https:\/\/caissa-eenhoorn.nl\/wordpress\/wp-content\/uploads\/2014\/12\/DSC_0150.jpg 800w\" sizes=\"auto, (max-width: 300px) 100vw, 300px\" \/><\/a>Na afloop van de partij wordt er geanalyseerd in de sfeervolle bar van \u201cde Kreek\u201d. Daarnaast wordt er veel gesnelschaakt en is er veel gezelligheid. Deze \u201ctweede helft\u201d is voor ons net zo belangrijk als het spelen zelf.<\/p>\n<p>&nbsp;<\/p>\n<p><strong>Training<\/strong><\/p>\n<p>We organiseren regelmatig voor beginnende schakers een introductiecursus. Hier leert men de regels en de basisvaardigheden. Daarnaast zijn er regelmatig vervolgcursussen, die voortborduren op de introductiecursus.<\/p>\n<p><strong>Externe Competitie<\/strong><\/p>\n<p><img loading=\"lazy\" decoding=\"async\" class=\"alignright size-medium wp-image-3360\" src=\"\/wordpress\/wp-content\/uploads\/2014\/04\/IMG_20140401_000250-300x225.jpg\" alt=\"IMG_20140401_000250\" width=\"300\" height=\"225\" srcset=\"https:\/\/caissa-eenhoorn.nl\/wordpress\/wp-content\/uploads\/2014\/04\/IMG_20140401_000250-300x225.jpg 300w, https:\/\/caissa-eenhoorn.nl\/wordpress\/wp-content\/uploads\/2014\/04\/IMG_20140401_000250-1024x768.jpg 1024w, https:\/\/caissa-eenhoorn.nl\/wordpress\/wp-content\/uploads\/2014\/04\/IMG_20140401_000250-400x300.jpg 400w\" sizes=\"auto, (max-width: 300px) 100vw, 300px\" \/>Vijf teams nemen deel aan de externe landelijke en provinciale competities (KNSB en NHSB). Teams bestaan uit zes tot tien personen afhankelijk van de klasse waarin men speelt. De lagere teams spelen in de Noord-Hollandse competitie. De drie hoogste teams spelen landelijk in de KNSB-competitie. Het eerste team speelt in de op \u00e9\u00e9n na hoogste klasse van Nederland.<\/p>\n<p><strong>Jeugd<\/strong><\/p>\n<p><a href=\"\/wordpress\/wp-content\/uploads\/2014\/12\/n27.jpg\"><img loading=\"lazy\" decoding=\"async\" class=\"alignleft wp-image-4511 size-medium\" src=\"\/wordpress\/wp-content\/uploads\/2014\/12\/n27-300x199.jpg\" alt=\"n27\" width=\"300\" height=\"199\" srcset=\"https:\/\/caissa-eenhoorn.nl\/wordpress\/wp-content\/uploads\/2014\/12\/n27-300x199.jpg 300w, https:\/\/caissa-eenhoorn.nl\/wordpress\/wp-content\/uploads\/2014\/12\/n27-451x300.jpg 451w, https:\/\/caissa-eenhoorn.nl\/wordpress\/wp-content\/uploads\/2014\/12\/n27.jpg 800w\" sizes=\"auto, (max-width: 300px) 100vw, 300px\" \/><\/a>De jeugd heeft de toekomst en we willen graag nieuwe schaaktalenten opleiden. We zijn dan ook trots op onze bloeiende en succesvolle jeugdafdeling, die vele goede schaaktalenten heeft voortgebracht. De jeugdafdeling speelt en traint op vrijdagavond van 19 - 21 uur. Er wordt lesgeven met de offici\u00eble en succesvolle stappenmethode van de Koninklijke Nederlandse schaakbond. Aan het einde van het seizoen wordt examen gedaan. We gaan gezamenlijk naar jeugdtoernooien. In teams van vier personen speelt ook de jeugd externe competitie.<\/p>\n<p><strong>Toernooien organiseren<\/strong><\/p>\n<p><a href=\"\/wordpress\/wp-content\/uploads\/2014\/12\/DSCF2087.jpg\"><img loading=\"lazy\" decoding=\"async\" class=\"alignleft size-medium wp-image-4512\" src=\"\/wordpress\/wp-content\/uploads\/2014\/12\/DSCF2087-300x225.jpg\" alt=\"DSCF2087\" width=\"300\" height=\"225\" srcset=\"https:\/\/caissa-eenhoorn.nl\/wordpress\/wp-content\/uploads\/2014\/12\/DSCF2087-300x225.jpg 300w, https:\/\/caissa-eenhoorn.nl\/wordpress\/wp-content\/uploads\/2014\/12\/DSCF2087-400x300.jpg 400w, https:\/\/caissa-eenhoorn.nl\/wordpress\/wp-content\/uploads\/2014\/12\/DSCF2087.jpg 800w\" sizes=\"auto, (max-width: 300px) 100vw, 300px\" \/><\/a>Onze club is heel actief met het organiseren van toernooien.<\/p>\n<ul>\n<li>Het offici\u00eble Noord-Hollands Veteranen Lente kampioenschap, zeven woensdagen in maart en april.<\/li>\n<li>Het Open Hoorns kampioenschap, een weekendtoernooi eind augustus - begin september<\/li>\n<li>Het offici\u00eble Open Noord-Hollands snelschaakkampioenschap, \u00e9\u00e9n dag in mei.<\/li>\n<li>Een Grand Prix jeugdtoernooi, \u00e9\u00e9n dag in oktober.<\/li>\n<li>Het offici\u00eble Noord-Hollands meisjes kampioenschap, \u00e9\u00e9n dag in december.<\/li>\n<li>Het offici\u00eble West-Fries jeugdkampioenschap, \u00e9\u00e9n dag in de Kerstvakantie.<\/li>\n<\/ul>\n<p><strong>Samen op pad<\/strong><\/p>\n<p><a href=\"\/wp-content\/uploads\/2014\/12\/DSCF0289.jpg\"><img loading=\"lazy\" decoding=\"async\" class=\"alignright size-medium wp-image-4513\" src=\"\/wordpress\/wp-content\/uploads\/2014\/12\/DSCF0289-300x225.jpg\" alt=\"DSCF0289\" width=\"300\" height=\"225\" srcset=\"https:\/\/caissa-eenhoorn.nl\/wordpress\/wp-content\/uploads\/2014\/12\/DSCF0289-300x225.jpg 300w, https:\/\/caissa-eenhoorn.nl\/wordpress\/wp-content\/uploads\/2014\/12\/DSCF0289-400x300.jpg 400w, https:\/\/caissa-eenhoorn.nl\/wordpress\/wp-content\/uploads\/2014\/12\/DSCF0289.jpg 800w\" sizes=\"auto, (max-width: 300px) 100vw, 300px\" \/><\/a>Leden gaan regelmatig gezellig samen op pad om deel te nemen aan toernooien. Een kleine greep: Tata Steel Chess Tournament in Wijk aan Zee, Noord-Hollands rapid-kampioenschap in Volendam, het Amsterdam Science Park Chess Tournament in Amsterdam, het Hogeschool Zeeland Chess Tournament in Vlissingen, Het Haags Weekendtoernooi in Den Haag, Kerstviertallen Rapid in Andijk, Boerenkool met Worst toernooi in Wadway.<\/p>\n<p><strong>Contact \/ Info<\/strong><\/p>\n<p><a href=\"\/wordpress\/wp-content\/uploads\/2014\/12\/c24.jpg\"><img loading=\"lazy\" decoding=\"async\" class=\"alignleft size-medium wp-image-4514\" src=\"\/wordpress\/wp-content\/uploads\/2014\/12\/c24-300x199.jpg\" alt=\"c24\" width=\"300\" height=\"199\" srcset=\"https:\/\/caissa-eenhoorn.nl\/wordpress\/wp-content\/uploads\/2014\/12\/c24-300x199.jpg 300w, https:\/\/caissa-eenhoorn.nl\/wordpress\/wp-content\/uploads\/2014\/12\/c24-451x300.jpg 451w, https:\/\/caissa-eenhoorn.nl\/wordpress\/wp-content\/uploads\/2014\/12\/c24.jpg 800w\" sizes=\"auto, (max-width: 300px) 100vw, 300px\" \/><\/a>Schaken in clubverband bij een actieve bloeiende vereniging? Meld je dan aan. Iedereen is welkom.<br \/>\nVoor meer informatie of aanmelden: neem contact op met Sernin van de Krol via 06-42235130 \u00a0of via e-mail naar <a href=\"mailto:info@caissa-eenhoorn.nl\">info@caissa-eenhoorn.nl<\/a> en \/ of kijk op onze <a href=\"\/wordpress\/?page_id=17\">info pagina<\/a>.<\/p>\n","protected":false},"excerpt":{"rendered":"<p>Historie Ca\u00efssa-Eenhoorn is \u00e9\u00e9n van de grootste schaakverenigingen van Nederland en is volop in beweging. De club werd op 15 januari 1923 opgericht en heeft een rijke historie met vele kampioenschappen. Onze club heeft een brede basis waardoor ook beginnende &hellip; <a href=\"https:\/\/caissa-eenhoorn.nl\/wordpress\/?page_id=4491\">Lees verder <span class=\"meta-nav\">&rarr;<\/span><\/a><\/p>\n","protected":false},"author":1,"featured_media":0,"parent":0,"menu_order":0,"comment_status":"closed","ping_status":"closed","template":"","meta":{"_mc_calendar":[],"footnotes":""},"class_list":["post-4491","page","type-page","status-publish","hentry"],"_links":{"self":[{"href":"https:\/\/caissa-eenhoorn.nl\/wordpress\/index.php?rest_route=\/wp\/v2\/pages\/4491","targetHints":{"allow":["GET"]}}],"collection":[{"href":"https:\/\/caissa-eenhoorn.nl\/wordpress\/index.php?rest_route=\/wp\/v2\/pages"}],"about":[{"href":"https:\/\/caissa-eenhoorn.nl\/wordpress\/index.php?rest_route=\/wp\/v2\/types\/page"}],"author":[{"embeddable":true,"href":"https:\/\/caissa-eenhoorn.nl\/wordpress\/index.php?rest_route=\/wp\/v2\/users\/1"}],"replies":[{"embeddable":true,"href":"https:\/\/caissa-eenhoorn.nl\/wordpress\/index.php?rest_route=%2Fwp%2Fv2%2Fcomments&post=4491"}],"version-history":[{"count":4,"href":"https:\/\/caissa-eenhoorn.nl\/wordpress\/index.php?rest_route=\/wp\/v2\/pages\/4491\/revisions"}],"predecessor-version":[{"id":17340,"href":"https:\/\/caissa-eenhoorn.nl\/wordpress\/index.php?rest_route=\/wp\/v2\/pages\/4491\/revisions\/17340"}],"wp:attachment":[{"href":"https:\/\/caissa-eenhoorn.nl\/wordpress\/index.php?rest_route=%2Fwp%2Fv2%2Fmedia&parent=4491"}],"curies":[{"name":"wp","href":"https:\/\/api.w.org\/{rel}","templated":true}]}}